{"id":189,"date":"2017-01-10T15:22:56","date_gmt":"2017-01-10T15:22:56","guid":{"rendered":"http:\/\/wordpress.sv-pech.de\/?page_id=189"},"modified":"2024-08-30T15:49:40","modified_gmt":"2024-08-30T15:49:40","slug":"anfahrt","status":"publish","type":"page","link":"http:\/\/sv-pech.de\/?page_id=189","title":{"rendered":"Anfahrt"},"content":{"rendered":"<h3>Der Sitz unseres Ingenieurb\u00fcros befindet sich in unmittelbarer N\u00e4he zu Frankfurt am Main am Ortsrand der Stadt Bad Vilbel.<\/h3>\n<p style=\"color: white;\">.<\/p>\n<p>Aus Richtung Gie\u00dfen oder Darmstadt (A5) kommend fahren Sie auf die A 661 und benutzen die Abfahrt Frankfurt Bergen-Enkheim\/Unfallkrankenhaus. Anschlie\u00dfend fahren Sie die Bundesstra\u00dfe 521 in Richtung Bad Vilbel und biegen an der Abfahrt Heilsberg links ab. Dem Stra\u00dfenverlauf folgen und links in den Schlesienring einbiegen. Ca. 50 m vor der scharfen Rechtskurve befindet sich das Ingenieurb\u00fcro zur\u00fcckversetzt auf der linken Seite. Kundenparkpl\u00e4tze sind vorhanden.<\/p>\n<p><strong>Anfahrtsskizze:<\/strong><\/p>\n<p style=\"text-align: center;\"><img loading=\"lazy\" decoding=\"async\" class=\"alignnone wp-image-138 size-full aligncenter\" src=\"\/wp-content\/uploads\/2017\/01\/24526576.jpg\" width=\"559\" height=\"449\" srcset=\"http:\/\/sv-pech.de\/wp-content\/uploads\/2017\/01\/24526576.jpg 559w, http:\/\/sv-pech.de\/wp-content\/uploads\/2017\/01\/24526576-300x241.jpg 300w\" sizes=\"(max-width: 559px) 100vw, 559px\" \/><br \/>\n<a href=\"http:\/\/wordpress.sv-pech.de\/wp-content\/uploads\/2017\/07\/Blatt-Anfahrtsskizze.pdf\">Anfahrtsskizze als Download (PDF-Datei)<\/a><\/p>\n<p><strong>Routenplaner:<\/strong><br \/>\nSie k\u00f6nnen auch eine Routenplanung verwenden, um sich den Weg zu uns anzeigen zu lassen. Bei Bet\u00e4tigung des nachfolgenden Links gelangen Sie auf die Seiten von Google Maps, die Routenplanung mit unserem Standort \u00f6ffnet sich anschlie\u00dfend in einem separaten Fenster bzw. Tab:<\/p>\n<p><center><a href=\"https:\/\/www.google.com\/maps\/place\/Schlesienring+30D,+61118+Bad+Vilbel\/@50.16754,8.7214013,17z\/data=!3m1!4b1!4m5!3m4!1s0x47bd0f6d74787fcb:0x3026aba5699354c2!8m2!3d50.16754!4d8.72359\" target=\"_blank\" rel=\"noopener noreferrer\">Hier geht es zu Google Maps<\/a><\/center><\/p>\n","protected":false},"excerpt":{"rendered":"<p>Der Sitz unseres Ingenieurb\u00fcros befindet sich in unmittelbarer N\u00e4he zu Frankfurt am Main am Ortsrand der Stadt Bad Vilbel. . Aus Richtung Gie\u00dfen oder Darmstadt (A5) kommend fahren Sie auf die A 661 und benutzen die Abfahrt Frankfurt Bergen-Enkheim\/Unfallkrankenhaus. Anschlie\u00dfend<\/p>\n","protected":false},"author":1,"featured_media":0,"parent":0,"menu_order":0,"comment_status":"closed","ping_status":"closed","template":"","meta":{"footnotes":""},"class_list":["post-189","page","type-page","status-publish","hentry"],"_links":{"self":[{"href":"http:\/\/sv-pech.de\/index.php?rest_route=\/wp\/v2\/pages\/189"}],"collection":[{"href":"http:\/\/sv-pech.de\/index.php?rest_route=\/wp\/v2\/pages"}],"about":[{"href":"http:\/\/sv-pech.de\/index.php?rest_route=\/wp\/v2\/types\/page"}],"author":[{"embeddable":true,"href":"http:\/\/sv-pech.de\/index.php?rest_route=\/wp\/v2\/users\/1"}],"replies":[{"embeddable":true,"href":"http:\/\/sv-pech.de\/index.php?rest_route=%2Fwp%2Fv2%2Fcomments&post=189"}],"version-history":[{"count":41,"href":"http:\/\/sv-pech.de\/index.php?rest_route=\/wp\/v2\/pages\/189\/revisions"}],"predecessor-version":[{"id":724,"href":"http:\/\/sv-pech.de\/index.php?rest_route=\/wp\/v2\/pages\/189\/revisions\/724"}],"wp:attachment":[{"href":"http:\/\/sv-pech.de\/index.php?rest_route=%2Fwp%2Fv2%2Fmedia&parent=189"}],"curies":[{"name":"wp","href":"https:\/\/api.w.org\/{rel}","templated":true}]}}