{"id":588,"date":"2018-05-14T11:24:17","date_gmt":"2018-05-14T11:24:17","guid":{"rendered":"http:\/\/sv-pech.de\/?page_id=588"},"modified":"2024-08-30T15:44:37","modified_gmt":"2024-08-30T15:44:37","slug":"datenschutzerklaerung","status":"publish","type":"page","link":"http:\/\/sv-pech.de\/?page_id=588","title":{"rendered":"Datenschutzerkl\u00e4rung"},"content":{"rendered":"<h3>Datenschutzerkl\u00e4rung<\/h3>\n<p>Wir freuen uns \u00fcber Ihren Besuch auf unserer Webseite und Ihr Interesse an unserem Ingenieurb\u00fcro. Der Schutz Ihrer pers\u00f6nlichen Daten ist f\u00fcr uns wichtig und wir nehmen den Schutz dieser Daten sehr ernst.<\/p>\n<p>Unsere Datenschutzerkl\u00e4rung erstreckt sich nicht auf die Webseiten anderer Anbieter, mit denen wir ggfs. verlinkt sind. Mit dem Besuch unserer Website willigen Sie in die Nutzung Ihrer personenbezogenen Daten ein und erkl\u00e4ren sich mit der nachfolgenden Datenschutzerkl\u00e4rung einverstanden.<\/p>\n<p><strong>Allgemeines<\/strong><br \/>\nBei unserem Internetauftritt handelt es sich um reine Informationsseiten, sodass die Nutzung grunds\u00e4tzlich ohne Angabe personenbezogener Daten m\u00f6glich ist. Jedoch l\u00e4sst es sich nicht vermeiden, dass bei einem Besuch unserer Webseiten durch den verwendeten Browser automatisch personenbezogenen Daten \u00fcbermittelt werden. Diese Daten werden ohne Ihre ausdr\u00fcckliche Zustimmung nicht an Dritte weitergegeben.<\/p>\n<p>Um zu vermeiden, dass personenbezogene Daten unserer Besucher an Drittunternehmen, teilweise mit Sitz au\u00dferhalb der EU, weitergegeben werden, haben wir uns dazu entschlossen, keine Social Media Plugins oder Analyse-Tools, bspw. von Google, zu verwenden.<\/p>\n<p><strong>Begrifflichkeiten<\/strong><br \/>\nErl\u00e4uterungen der benutzten Begrifflichkeiten finden Sie im Art. 4 der Datenschutzgrundverordnung (DSGVO). Bei unklaren Gesichtspunkten bitte ich Sie um Nachfrage an die im Impressum genannte Kontaktperson.<\/p>\n<p><strong>Besuch der Webseite<\/strong><br \/>\nBeim Aufrufen unserer Webseite werden durch den auf Ihrem Endger\u00e4t zum Einsatz kommenden Browser automatisch Informationen an den Server unserer Webseite gesendet. Diese Informationen werden vom Provider tempor\u00e4r in einem sog. Logfile gespeichert.<\/p>\n<p>Folgende Informationen k\u00f6nnen dabei ohne Ihr Zutun erfasst und bis zur automatisierten L\u00f6schung gespeichert werden:<br \/>\n\u2022 IP-Adresse des anfragenden Rechners,<br \/>\n\u2022 Datum und Uhrzeit des Zugriffs,<br \/>\n\u2022 Name und URL der abgerufenen Datei,<br \/>\n\u2022 Webseite, von der aus der Zugriff erfolgt (Referrer-URL),<br \/>\n\u2022 verwendeter Browser und ggf. das Betriebssystem Ihres Rechners sowie der Name Ihres Access-Providers.<\/p>\n<p>Die genannten Daten werden durch den Provider zu folgenden Zwecken verarbeitet:<br \/>\n\u2022 Gew\u00e4hrleistung eines reibungslosen Verbindungsaufbaus der Website,<br \/>\n\u2022 Gew\u00e4hrleistung einer komfortablen Nutzung unserer Website,<br \/>\n\u2022 Auswertung der Systemsicherheit und -stabilit\u00e4t sowie zu weiteren administrativen Zwecken.<\/p>\n<p>Die Rechtsgrundlage f\u00fcr die Datenverarbeitung ist Art. 6 Abs. 1 S. 1 lit. f DSGVO. Das berechtigte Interesse folgt aus oben aufgelisteten Zwecken zur Datenerhebung. In keinem Fall verwenden wir die erhobenen Daten zu dem Zweck, R\u00fcckschl\u00fcsse auf Ihre Person zu ziehen.<\/p>\n<p><strong>Analyse-Tools, Social Media Plugins<\/strong><br \/>\nWie vorgenannt verzichten wir bewusst auf den Einsatz entsprechender Tools oder Plugins.<\/p>\n<p><strong>Cookies<\/strong><br \/>\nWir setzen auf unserer Seite Cookies ein. Hierbei handelt es sich um kleine Dateien, die Ihr Browser automatisch erstellt und die auf Ihrem Endger\u00e4t (Laptop, Tablet, Smartphone o.\u00e4.) gespeichert werden, wenn Sie unsere Seite besuchen.<\/p>\n<p>In dem Cookie werden Informationen abgelegt, die sich jeweils im Zusammenhang mit dem spezifisch eingesetzten Endger\u00e4t ergeben. Dies bedeutet jedoch nicht, dass wir dadurch unmittelbar Kenntnis von Ihrer Identit\u00e4t erhalten.<\/p>\n<p>Die durch Cookies verarbeiteten Daten sind f\u00fcr die genannten Zwecke zur Wahrung unserer berechtigten Interessen sowie der Dritter nach Art. 6 Abs. 1 S. 1 lit. f DSGVO erforderlich.<\/p>\n<p>Wenn Sie dies nicht m\u00f6chten, dann k\u00f6nnen Sie im von Ihnen verwendeten Browser das Speichern von Cookies deaktivieren oder sich benachrichtigen lassen, sobald Cookies gesendet werden.<\/p>\n<p><strong>\u00c4nderung dieser Datenschutzerkl\u00e4rung<\/strong><br \/>\nDiese Datenschutzerkl\u00e4rung ist aktuell g\u00fcltig. Durch die Weiterentwicklung unserer Webseite und Angebote dar\u00fcber oder aufgrund ge\u00e4nderter gesetzlicher beziehungsweise beh\u00f6rdlicher Vorgaben kann es notwendig werden, diese Datenschutzerkl\u00e4rung zu \u00e4ndern. Die jeweils aktuelle Datenschutzerkl\u00e4rung kann jederzeit auf unserer Webseite von Ihnen abgerufen und ausgedruckt werden.<\/p>\n<p>Stand Mai 2018<\/p>\n","protected":false},"excerpt":{"rendered":"<p>Datenschutzerkl\u00e4rung Wir freuen uns \u00fcber Ihren Besuch auf unserer Webseite und Ihr Interesse an unserem Ingenieurb\u00fcro. Der Schutz Ihrer pers\u00f6nlichen Daten ist f\u00fcr uns wichtig und wir nehmen den Schutz dieser Daten sehr ernst. Unsere Datenschutzerkl\u00e4rung erstreckt sich nicht auf<\/p>\n","protected":false},"author":1,"featured_media":0,"parent":0,"menu_order":0,"comment_status":"closed","ping_status":"closed","template":"","meta":{"footnotes":""},"class_list":["post-588","page","type-page","status-publish","hentry"],"_links":{"self":[{"href":"http:\/\/sv-pech.de\/index.php?rest_route=\/wp\/v2\/pages\/588"}],"collection":[{"href":"http:\/\/sv-pech.de\/index.php?rest_route=\/wp\/v2\/pages"}],"about":[{"href":"http:\/\/sv-pech.de\/index.php?rest_route=\/wp\/v2\/types\/page"}],"author":[{"embeddable":true,"href":"http:\/\/sv-pech.de\/index.php?rest_route=\/wp\/v2\/users\/1"}],"replies":[{"embeddable":true,"href":"http:\/\/sv-pech.de\/index.php?rest_route=%2Fwp%2Fv2%2Fcomments&post=588"}],"version-history":[{"count":8,"href":"http:\/\/sv-pech.de\/index.php?rest_route=\/wp\/v2\/pages\/588\/revisions"}],"predecessor-version":[{"id":686,"href":"http:\/\/sv-pech.de\/index.php?rest_route=\/wp\/v2\/pages\/588\/revisions\/686"}],"wp:attachment":[{"href":"http:\/\/sv-pech.de\/index.php?rest_route=%2Fwp%2Fv2%2Fmedia&parent=588"}],"curies":[{"name":"wp","href":"https:\/\/api.w.org\/{rel}","templated":true}]}}