{"id":64,"date":"2017-01-05T16:21:08","date_gmt":"2017-01-05T16:21:08","guid":{"rendered":"http:\/\/wordpress.sv-pech.de\/?page_id=64"},"modified":"2024-09-05T13:57:31","modified_gmt":"2024-09-05T13:57:31","slug":"team","status":"publish","type":"page","link":"http:\/\/sv-pech.de\/?page_id=64","title":{"rendered":"Team"},"content":{"rendered":"<h3>Unser Team freut sich auf Sie!<\/h3>\n<p style=\"color: white;\">.<\/p>\n<hr \/>\n<p><img loading=\"lazy\" decoding=\"async\" class=\"alignright wp-image-659 size-medium\" src=\"http:\/\/sv-pech.de\/wp-content\/uploads\/2024\/08\/Portrait01-skaliert-300x200.jpg\" alt=\"\" width=\"300\" height=\"200\" srcset=\"http:\/\/sv-pech.de\/wp-content\/uploads\/2024\/08\/Portrait01-skaliert-300x200.jpg 300w, http:\/\/sv-pech.de\/wp-content\/uploads\/2024\/08\/Portrait01-skaliert-1024x684.jpg 1024w, http:\/\/sv-pech.de\/wp-content\/uploads\/2024\/08\/Portrait01-skaliert-768x513.jpg 768w, http:\/\/sv-pech.de\/wp-content\/uploads\/2024\/08\/Portrait01-skaliert.jpg 1279w\" sizes=\"(max-width: 300px) 100vw, 300px\" \/><\/p>\n<p><span style=\"font-size: large;\"><strong>Dipl.-Ing. (FH) Nora Pech<\/strong><\/span><\/p>\n<p>Von der IHK \u00f6ffentlich bestellte und vereidigte Sachverst\u00e4ndige f\u00fcr Stra\u00dfenverkehrsunf\u00e4lle, Kraftfahrzeugsch\u00e4den und -bewertung.<\/p>\n<p>Mitglied im Bundesverband der freiberuflichen und unabh\u00e4ngigen Sachverst\u00e4ndigen f\u00fcr das Kraftfahrzeugwesen e.V. (BVSK)<\/p>\n<p>Tel. <a href=\"tel:+496101983484\">06101 &#8211; 983484<\/a><\/p>\n<hr \/>\n<p><img loading=\"lazy\" decoding=\"async\" class=\"wp-image-660 size-medium alignleft\" src=\"http:\/\/sv-pech.de\/wp-content\/uploads\/2024\/08\/Portrait02-skaliert-300x200.jpg\" alt=\"\" width=\"300\" height=\"200\" srcset=\"http:\/\/sv-pech.de\/wp-content\/uploads\/2024\/08\/Portrait02-skaliert-300x200.jpg 300w, http:\/\/sv-pech.de\/wp-content\/uploads\/2024\/08\/Portrait02-skaliert-1024x683.jpg 1024w, http:\/\/sv-pech.de\/wp-content\/uploads\/2024\/08\/Portrait02-skaliert-768x512.jpg 768w, http:\/\/sv-pech.de\/wp-content\/uploads\/2024\/08\/Portrait02-skaliert.jpg 1280w\" sizes=\"(max-width: 300px) 100vw, 300px\" \/><\/p>\n<p><span style=\"font-size: large;\"><strong>Dipl.-Ing. (FH) J\u00f6rg Bremer<\/strong><\/span><\/p>\n<p>Sachverst\u00e4ndiger f\u00fcr Verkehrsunfallrekonstruktion, Aggregatesch\u00e4den und technische Gutachten.<\/p>\n<p>Tel. <a href=\"tel:+496101983485\">06101 &#8211; 983485<\/a><\/p>\n<p style=\"color: white;\">.<\/p>\n<hr \/>\n<p><img loading=\"lazy\" decoding=\"async\" class=\"wp-image-727 size-medium alignright\" src=\"http:\/\/sv-pech.de\/wp-content\/uploads\/2024\/09\/Portrait03-skaliert2-300x200.jpg\" alt=\"\" width=\"300\" height=\"200\" srcset=\"http:\/\/sv-pech.de\/wp-content\/uploads\/2024\/09\/Portrait03-skaliert2-300x200.jpg 300w, http:\/\/sv-pech.de\/wp-content\/uploads\/2024\/09\/Portrait03-skaliert2-1024x683.jpg 1024w, http:\/\/sv-pech.de\/wp-content\/uploads\/2024\/09\/Portrait03-skaliert2-768x512.jpg 768w, http:\/\/sv-pech.de\/wp-content\/uploads\/2024\/09\/Portrait03-skaliert2.jpg 1280w\" sizes=\"(max-width: 300px) 100vw, 300px\" \/><\/p>\n<p><span style=\"font-size: large;\"><strong>Matthias Gey<\/strong><\/span><\/p>\n<p>B\u00fcroleitung<br \/>\nSchadenaufnahme und Reparaturkostenkalkulation<\/p>\n<p>Tel. <a href=\"tel:+496101983482\">06101 &#8211; 983482<\/a><\/p>\n<p style=\"color: white;\">.<\/p>\n<hr \/>\n<p>Unsere Mitarbeiter nehmen regelm\u00e4\u00dfig an Fort- und Weiterbildungsseminaren und Fachtagungen teil, um die Qualit\u00e4t unserer Dienstleistungen sicherzustellen.<\/p>\n<hr \/>\n<p><span style=\"font-size: large;\"><strong>Und nicht zu vergessen &#8230; <\/strong><\/span><\/p>\n<p><img loading=\"lazy\" decoding=\"async\" class=\"alignleft size-medium wp-image-245\" src=\"\/wp-content\/uploads\/2017\/08\/td001.jpg\" alt=\"\" width=\"300\" height=\"201\" \/><\/p>\n<p><span style=\"font-size: large;\"><strong>Theodoros (&#8222;Theo&#8220;)<\/strong><\/span><\/p>\n<p>B\u00fcrohund<br \/>\nFachbeauftragter f\u00fcr betriebliche Gesundheitsf\u00f6rderung und Arbeitszeitkontrolle<\/p>\n","protected":false},"excerpt":{"rendered":"<p>Unser Team freut sich auf Sie! . Dipl.-Ing. (FH) Nora Pech Von der IHK \u00f6ffentlich bestellte und vereidigte Sachverst\u00e4ndige f\u00fcr Stra\u00dfenverkehrsunf\u00e4lle, Kraftfahrzeugsch\u00e4den und -bewertung. Mitglied im Bundesverband der freiberuflichen und unabh\u00e4ngigen Sachverst\u00e4ndigen f\u00fcr das Kraftfahrzeugwesen e.V. (BVSK) Tel. 06101 &#8211;<\/p>\n","protected":false},"author":1,"featured_media":0,"parent":0,"menu_order":0,"comment_status":"closed","ping_status":"closed","template":"","meta":{"footnotes":""},"class_list":["post-64","page","type-page","status-publish","hentry"],"_links":{"self":[{"href":"http:\/\/sv-pech.de\/index.php?rest_route=\/wp\/v2\/pages\/64"}],"collection":[{"href":"http:\/\/sv-pech.de\/index.php?rest_route=\/wp\/v2\/pages"}],"about":[{"href":"http:\/\/sv-pech.de\/index.php?rest_route=\/wp\/v2\/types\/page"}],"author":[{"embeddable":true,"href":"http:\/\/sv-pech.de\/index.php?rest_route=\/wp\/v2\/users\/1"}],"replies":[{"embeddable":true,"href":"http:\/\/sv-pech.de\/index.php?rest_route=%2Fwp%2Fv2%2Fcomments&post=64"}],"version-history":[{"count":186,"href":"http:\/\/sv-pech.de\/index.php?rest_route=\/wp\/v2\/pages\/64\/revisions"}],"predecessor-version":[{"id":728,"href":"http:\/\/sv-pech.de\/index.php?rest_route=\/wp\/v2\/pages\/64\/revisions\/728"}],"wp:attachment":[{"href":"http:\/\/sv-pech.de\/index.php?rest_route=%2Fwp%2Fv2%2Fmedia&parent=64"}],"curies":[{"name":"wp","href":"https:\/\/api.w.org\/{rel}","templated":true}]}}