{"id":59,"date":"2017-01-05T16:14:20","date_gmt":"2017-01-05T16:14:20","guid":{"rendered":"http:\/\/wordpress.sv-pech.de\/?page_id=59"},"modified":"2024-09-02T07:17:37","modified_gmt":"2024-09-02T07:17:37","slug":"home","status":"publish","type":"page","link":"https:\/\/sv-pech.de\/","title":{"rendered":"Home"},"content":{"rendered":"<h3>Herzlich Willkommen!<\/h3>\n<hr \/>\n<p>Wir sind ein Ingenieurb\u00fcro f\u00fcr Verkehrsunfallanalyse und Kraftfahrzeugtechnik mit Sitz in Bad Vilbel. Unser Schwerpunkt liegt in der Rekonstruktion von Stra\u00dfenverkehrsunf\u00e4llen und der Erstellung technischer Gutachten, \u00fcberwiegend f\u00fcr die im Rhein-Main-Gebiet ans\u00e4ssigen Justizbeh\u00f6rden.<\/p>\n<p>F\u00fcr Anwaltskanzleien und Privatpersonen sind wir ebenfalls t\u00e4tig.<\/p>\n<p>Wir erstellen zudem unabh\u00e4ngige, neutrale Schadengutachten. Falls Sie in einen Unfall verwickelt wurden, \u00fcbernehmen wir gerne die Beweissicherung an Ihrem Fahrzeug, die Ermittlung der Schadenh\u00f6he sowie die Wertermittlung, damit Sie Ihre Anspr\u00fcche gegen\u00fcber der gegnerischen Versicherung geltend machen k\u00f6nnen. Auf eine qualifizierte Beratung und pers\u00f6nlichen Kontakt legen wir besonderen Wert.<\/p>\n<p>Neutralit\u00e4t und Unabh\u00e4ngigkeit sind f\u00fcr uns selbstverst\u00e4ndlich.<\/p>\n\n\n<p><\/p>\n","protected":false},"excerpt":{"rendered":"<p>Herzlich Willkommen! Wir sind ein Ingenieurb\u00fcro f\u00fcr Verkehrsunfallanalyse und Kraftfahrzeugtechnik mit Sitz in Bad Vilbel. Unser Schwerpunkt liegt in der Rekonstruktion von Stra\u00dfenverkehrsunf\u00e4llen und der Erstellung technischer Gutachten, \u00fcberwiegend f\u00fcr die im Rhein-Main-Gebiet ans\u00e4ssigen Justizbeh\u00f6rden. F\u00fcr Anwaltskanzleien und Privatpersonen sind<\/p>\n","protected":false},"author":1,"featured_media":0,"parent":0,"menu_order":0,"comment_status":"closed","ping_status":"closed","template":"","meta":{"footnotes":""},"class_list":["post-59","page","type-page","status-publish","hentry"],"_links":{"self":[{"href":"https:\/\/sv-pech.de\/index.php?rest_route=\/wp\/v2\/pages\/59"}],"collection":[{"href":"https:\/\/sv-pech.de\/index.php?rest_route=\/wp\/v2\/pages"}],"about":[{"href":"https:\/\/sv-pech.de\/index.php?rest_route=\/wp\/v2\/types\/page"}],"author":[{"embeddable":true,"href":"https:\/\/sv-pech.de\/index.php?rest_route=\/wp\/v2\/users\/1"}],"replies":[{"embeddable":true,"href":"https:\/\/sv-pech.de\/index.php?rest_route=%2Fwp%2Fv2%2Fcomments&post=59"}],"version-history":[{"count":50,"href":"https:\/\/sv-pech.de\/index.php?rest_route=\/wp\/v2\/pages\/59\/revisions"}],"predecessor-version":[{"id":725,"href":"https:\/\/sv-pech.de\/index.php?rest_route=\/wp\/v2\/pages\/59\/revisions\/725"}],"wp:attachment":[{"href":"https:\/\/sv-pech.de\/index.php?rest_route=%2Fwp%2Fv2%2Fmedia&parent=59"}],"curies":[{"name":"wp","href":"https:\/\/api.w.org\/{rel}","templated":true}]}}